{"id":79,"date":"2024-04-03T20:44:47","date_gmt":"2024-04-03T18:44:47","guid":{"rendered":"http:\/\/danse-arabesque.net\/?page_id=79"},"modified":"2025-06-18T17:13:10","modified_gmt":"2025-06-18T15:13:10","slug":"nos-projets","status":"publish","type":"page","link":"https:\/\/danse-arabesque.net\/index.php\/nos-projets\/","title":{"rendered":"Nos projets"},"content":{"rendered":"\n<h3 class=\"wp-block-heading\">Les spectacles d&rsquo;Arabesque<\/h3>\n\n\n\n<p>Une ann\u00e9e sur deux, nous montons un ballet du r\u00e9pertoire classique que nous pr\u00e9sentons sur une grande sc\u00e8ne de la r\u00e9gion. Jusqu&rsquo;en 2010 nous avons \u00e9t\u00e9 accueillies au th\u00e9\u00e2tre municipal de Douai, un magnifique th\u00e9\u00e2tre \u00e0 l&rsquo;italienne, construit en 1783. En 2012, ann\u00e9e des 30 ans de l&rsquo;association nous avons d\u00e9cid\u00e9 d&rsquo;investir une plus grande salle et avons choisi le Colis\u00e9e de Roubaix dont l&rsquo;\u00e9quipe nous accompagne depuis maintenant plus de 10 ans. <\/p>\n\n\n\n<figure class=\"wp-block-gallery aligncenter has-nested-images columns-3 is-cropped wp-block-gallery-1 is-layout-flex wp-block-gallery-is-layout-flex\">\n<figure class=\"wp-block-image size-large\"><img loading=\"lazy\" decoding=\"async\" width=\"539\" height=\"285\" data-id=\"169\" src=\"https:\/\/danse-arabesque.net\/wp-content\/uploads\/2024\/04\/Bayadere2023.png\" alt=\"\" class=\"wp-image-169\" srcset=\"https:\/\/danse-arabesque.net\/wp-content\/uploads\/2024\/04\/Bayadere2023.png 539w, https:\/\/danse-arabesque.net\/wp-content\/uploads\/2024\/04\/Bayadere2023-300x159.png 300w\" sizes=\"auto, (max-width: 539px) 100vw, 539px\" \/><figcaption class=\"wp-element-caption\">La bayad\u00e8re &#8211; 2023<\/figcaption><\/figure>\n\n\n\n<figure class=\"wp-block-image size-large\"><img loading=\"lazy\" decoding=\"async\" width=\"1020\" height=\"631\" data-id=\"152\" src=\"https:\/\/danse-arabesque.net\/wp-content\/uploads\/2024\/04\/ope_photo.jpg\" alt=\"\" class=\"wp-image-152\" srcset=\"https:\/\/danse-arabesque.net\/wp-content\/uploads\/2024\/04\/ope_photo.jpg 1020w, https:\/\/danse-arabesque.net\/wp-content\/uploads\/2024\/04\/ope_photo-300x186.jpg 300w, https:\/\/danse-arabesque.net\/wp-content\/uploads\/2024\/04\/ope_photo-768x475.jpg 768w\" sizes=\"auto, (max-width: 1020px) 100vw, 1020px\" \/><figcaption class=\"wp-element-caption\">Casse-Noisette &#8211; 2018<\/figcaption><\/figure>\n\n\n\n<figure class=\"wp-block-image size-large\"><img loading=\"lazy\" decoding=\"async\" width=\"1024\" height=\"544\" data-id=\"149\" src=\"https:\/\/danse-arabesque.net\/wp-content\/uploads\/2024\/04\/lescygnes2016-1024x544.jpg\" alt=\"\" class=\"wp-image-149\" srcset=\"https:\/\/danse-arabesque.net\/wp-content\/uploads\/2024\/04\/lescygnes2016-1024x544.jpg 1024w, https:\/\/danse-arabesque.net\/wp-content\/uploads\/2024\/04\/lescygnes2016-300x159.jpg 300w, https:\/\/danse-arabesque.net\/wp-content\/uploads\/2024\/04\/lescygnes2016-768x408.jpg 768w, https:\/\/danse-arabesque.net\/wp-content\/uploads\/2024\/04\/lescygnes2016-1536x816.jpg 1536w\" sizes=\"auto, (max-width: 1024px) 100vw, 1024px\" \/><figcaption class=\"wp-element-caption\">Le lac des cygnes &#8211; 2016<\/figcaption><\/figure>\n\n\n\n<figure class=\"wp-block-image size-large\"><img loading=\"lazy\" decoding=\"async\" width=\"1024\" height=\"575\" data-id=\"148\" src=\"https:\/\/danse-arabesque.net\/wp-content\/uploads\/2024\/04\/sylvia2014-1024x575.jpg\" alt=\"\" class=\"wp-image-148\" srcset=\"https:\/\/danse-arabesque.net\/wp-content\/uploads\/2024\/04\/sylvia2014-1024x575.jpg 1024w, https:\/\/danse-arabesque.net\/wp-content\/uploads\/2024\/04\/sylvia2014-300x169.jpg 300w, https:\/\/danse-arabesque.net\/wp-content\/uploads\/2024\/04\/sylvia2014-768x432.jpg 768w, https:\/\/danse-arabesque.net\/wp-content\/uploads\/2024\/04\/sylvia2014-1536x863.jpg 1536w\" sizes=\"auto, (max-width: 1024px) 100vw, 1024px\" \/><figcaption class=\"wp-element-caption\">Sylvia &#8211; 2014<\/figcaption><\/figure>\n\n\n\n<figure class=\"wp-block-image size-large\"><img loading=\"lazy\" decoding=\"async\" width=\"815\" height=\"516\" data-id=\"167\" src=\"https:\/\/danse-arabesque.net\/wp-content\/uploads\/2024\/04\/Bayadere2012.png\" alt=\"\" class=\"wp-image-167\" srcset=\"https:\/\/danse-arabesque.net\/wp-content\/uploads\/2024\/04\/Bayadere2012.png 815w, https:\/\/danse-arabesque.net\/wp-content\/uploads\/2024\/04\/Bayadere2012-300x190.png 300w, https:\/\/danse-arabesque.net\/wp-content\/uploads\/2024\/04\/Bayadere2012-768x486.png 768w\" sizes=\"auto, (max-width: 815px) 100vw, 815px\" \/><figcaption class=\"wp-element-caption\">La Bayad\u00e8re &#8211; 2012<\/figcaption><\/figure>\n\n\n\n<figure class=\"wp-block-image size-large\"><img loading=\"lazy\" decoding=\"async\" width=\"720\" height=\"480\" data-id=\"147\" src=\"https:\/\/danse-arabesque.net\/wp-content\/uploads\/2024\/04\/tutusrouges2010.jpg\" alt=\"\" class=\"wp-image-147\" srcset=\"https:\/\/danse-arabesque.net\/wp-content\/uploads\/2024\/04\/tutusrouges2010.jpg 720w, https:\/\/danse-arabesque.net\/wp-content\/uploads\/2024\/04\/tutusrouges2010-300x200.jpg 300w\" sizes=\"auto, (max-width: 720px) 100vw, 720px\" \/><figcaption class=\"wp-element-caption\">Paquita &#8211; 2010<\/figcaption><\/figure>\n\n\n\n<figure class=\"wp-block-image size-large\"><img loading=\"lazy\" decoding=\"async\" width=\"640\" height=\"480\" data-id=\"143\" src=\"https:\/\/danse-arabesque.net\/wp-content\/uploads\/2024\/04\/cendrillon2008.jpg\" alt=\"\" class=\"wp-image-143\" srcset=\"https:\/\/danse-arabesque.net\/wp-content\/uploads\/2024\/04\/cendrillon2008.jpg 640w, https:\/\/danse-arabesque.net\/wp-content\/uploads\/2024\/04\/cendrillon2008-300x225.jpg 300w\" sizes=\"auto, (max-width: 640px) 100vw, 640px\" \/><figcaption class=\"wp-element-caption\">Cendrillon &#8211; 2008<\/figcaption><\/figure>\n\n\n\n<figure class=\"wp-block-image size-large\"><img loading=\"lazy\" decoding=\"async\" width=\"640\" height=\"480\" data-id=\"142\" src=\"https:\/\/danse-arabesque.net\/wp-content\/uploads\/2024\/04\/giselle2005.jpg\" alt=\"\" class=\"wp-image-142\" srcset=\"https:\/\/danse-arabesque.net\/wp-content\/uploads\/2024\/04\/giselle2005.jpg 640w, https:\/\/danse-arabesque.net\/wp-content\/uploads\/2024\/04\/giselle2005-300x225.jpg 300w\" sizes=\"auto, (max-width: 640px) 100vw, 640px\" \/><figcaption class=\"wp-element-caption\">Giselle &#8211; 2005<\/figcaption><\/figure>\n\n\n\n<figure class=\"wp-block-image size-large\"><img loading=\"lazy\" decoding=\"async\" width=\"640\" height=\"480\" data-id=\"144\" src=\"https:\/\/danse-arabesque.net\/wp-content\/uploads\/2024\/04\/faust2009.jpeg\" alt=\"\" class=\"wp-image-144\" srcset=\"https:\/\/danse-arabesque.net\/wp-content\/uploads\/2024\/04\/faust2009.jpeg 640w, https:\/\/danse-arabesque.net\/wp-content\/uploads\/2024\/04\/faust2009-300x225.jpeg 300w\" sizes=\"auto, (max-width: 640px) 100vw, 640px\" \/><figcaption class=\"wp-element-caption\">Faust &#8211; 2011<\/figcaption><\/figure>\n<\/figure>\n\n\n\n<h3 class=\"wp-block-heading\">Participations \u00e0 des spectacles et retours de stages<\/h3>\n\n\n\n<p>Les ann\u00e9es au cours desquelles nous ne montons pas de spectacle, nous proposons \u00e0 nos \u00e9l\u00e8ves diff\u00e9rentes formules de stages (en internat, en weekend, en semaine) et nous sommes \u00e9galement sollicit\u00e9s pour participer \u00e0 des spectacles ou des concours.<\/p>\n\n\n\n<figure class=\"wp-block-gallery aligncenter has-nested-images columns-default is-cropped wp-block-gallery-2 is-layout-flex wp-block-gallery-is-layout-flex\">\n<figure class=\"wp-block-image size-large\"><img loading=\"lazy\" decoding=\"async\" width=\"1024\" height=\"680\" data-id=\"171\" src=\"https:\/\/danse-arabesque.net\/wp-content\/uploads\/2024\/04\/haubourdin2016-1-1024x680.jpg\" alt=\"\" class=\"wp-image-171\" srcset=\"https:\/\/danse-arabesque.net\/wp-content\/uploads\/2024\/04\/haubourdin2016-1-1024x680.jpg 1024w, https:\/\/danse-arabesque.net\/wp-content\/uploads\/2024\/04\/haubourdin2016-1-300x199.jpg 300w, https:\/\/danse-arabesque.net\/wp-content\/uploads\/2024\/04\/haubourdin2016-1-768x510.jpg 768w, https:\/\/danse-arabesque.net\/wp-content\/uploads\/2024\/04\/haubourdin2016-1-1536x1020.jpg 1536w\" sizes=\"auto, (max-width: 1024px) 100vw, 1024px\" \/><figcaption class=\"wp-element-caption\">Spectacle avec l&rsquo;orchestre d&rsquo;Haubourdin &#8211; 2016<\/figcaption><\/figure>\n\n\n\n<figure class=\"wp-block-image size-large\"><img loading=\"lazy\" decoding=\"async\" width=\"1024\" height=\"682\" data-id=\"172\" src=\"https:\/\/danse-arabesque.net\/wp-content\/uploads\/2024\/04\/somain2016.jpg\" alt=\"\" class=\"wp-image-172\" srcset=\"https:\/\/danse-arabesque.net\/wp-content\/uploads\/2024\/04\/somain2016.jpg 1024w, https:\/\/danse-arabesque.net\/wp-content\/uploads\/2024\/04\/somain2016-300x200.jpg 300w, https:\/\/danse-arabesque.net\/wp-content\/uploads\/2024\/04\/somain2016-768x512.jpg 768w\" sizes=\"auto, (max-width: 1024px) 100vw, 1024px\" \/><figcaption class=\"wp-element-caption\">Concours inter-\u00e9coles \u00e0 Somain &#8211; 2016<\/figcaption><\/figure>\n\n\n\n<figure class=\"wp-block-image size-large\"><img loading=\"lazy\" decoding=\"async\" width=\"960\" height=\"466\" data-id=\"173\" src=\"https:\/\/danse-arabesque.net\/wp-content\/uploads\/2024\/04\/16juin2019.jpg\" alt=\"\" class=\"wp-image-173\" srcset=\"https:\/\/danse-arabesque.net\/wp-content\/uploads\/2024\/04\/16juin2019.jpg 960w, https:\/\/danse-arabesque.net\/wp-content\/uploads\/2024\/04\/16juin2019-300x146.jpg 300w, https:\/\/danse-arabesque.net\/wp-content\/uploads\/2024\/04\/16juin2019-768x373.jpg 768w\" sizes=\"auto, (max-width: 960px) 100vw, 960px\" \/><figcaption class=\"wp-element-caption\">Les sauvages &#8211; stage 2019<\/figcaption><\/figure>\n\n\n\n<figure class=\"wp-block-image size-large\"><img loading=\"lazy\" decoding=\"async\" width=\"1024\" height=\"683\" data-id=\"174\" src=\"https:\/\/danse-arabesque.net\/wp-content\/uploads\/2024\/04\/4juin2017-1-1024x683.jpg\" alt=\"\" class=\"wp-image-174\" srcset=\"https:\/\/danse-arabesque.net\/wp-content\/uploads\/2024\/04\/4juin2017-1-1024x683.jpg 1024w, https:\/\/danse-arabesque.net\/wp-content\/uploads\/2024\/04\/4juin2017-1-300x200.jpg 300w, https:\/\/danse-arabesque.net\/wp-content\/uploads\/2024\/04\/4juin2017-1-768x512.jpg 768w, https:\/\/danse-arabesque.net\/wp-content\/uploads\/2024\/04\/4juin2017-1-1536x1024.jpg 1536w\" sizes=\"auto, (max-width: 1024px) 100vw, 1024px\" \/><figcaption class=\"wp-element-caption\">Ballet romantique &#8211; stage 2017<\/figcaption><\/figure>\n\n\n\n<figure class=\"wp-block-image size-large\"><img loading=\"lazy\" decoding=\"async\" width=\"1024\" height=\"768\" data-id=\"175\" src=\"https:\/\/danse-arabesque.net\/wp-content\/uploads\/2024\/04\/geishas2011-1-1024x768.jpg\" alt=\"\" class=\"wp-image-175\" srcset=\"https:\/\/danse-arabesque.net\/wp-content\/uploads\/2024\/04\/geishas2011-1-1024x768.jpg 1024w, https:\/\/danse-arabesque.net\/wp-content\/uploads\/2024\/04\/geishas2011-1-300x225.jpg 300w, https:\/\/danse-arabesque.net\/wp-content\/uploads\/2024\/04\/geishas2011-1-768x576.jpg 768w, https:\/\/danse-arabesque.net\/wp-content\/uploads\/2024\/04\/geishas2011-1.jpg 1200w\" sizes=\"auto, (max-width: 1024px) 100vw, 1024px\" \/><figcaption class=\"wp-element-caption\">Ballet japonnais &#8211; stage 2011<\/figcaption><\/figure>\n\n\n\n<figure class=\"wp-block-image size-large\"><img loading=\"lazy\" decoding=\"async\" width=\"960\" height=\"640\" data-id=\"176\" src=\"https:\/\/danse-arabesque.net\/wp-content\/uploads\/2024\/04\/hauts-champs2015.jpg\" alt=\"\" class=\"wp-image-176\" srcset=\"https:\/\/danse-arabesque.net\/wp-content\/uploads\/2024\/04\/hauts-champs2015.jpg 960w, https:\/\/danse-arabesque.net\/wp-content\/uploads\/2024\/04\/hauts-champs2015-300x200.jpg 300w, https:\/\/danse-arabesque.net\/wp-content\/uploads\/2024\/04\/hauts-champs2015-768x512.jpg 768w\" sizes=\"auto, (max-width: 960px) 100vw, 960px\" \/><figcaption class=\"wp-element-caption\">Danses celtiques &#8211; Les hauts champs &#8211; 2015<\/figcaption><\/figure>\n<\/figure>\n","protected":false},"excerpt":{"rendered":"<p>Les spectacles d&rsquo;Arabesque Une ann\u00e9e sur deux, nous montons un ballet du r\u00e9pertoire classique que nous pr\u00e9sentons sur une grande sc\u00e8ne de la r\u00e9gion. Jusqu&rsquo;en 2010 nous avons \u00e9t\u00e9 accueillies au th\u00e9\u00e2tre municipal de Douai, un magnifique th\u00e9\u00e2tre \u00e0 l&rsquo;italienne, [&hellip;]<\/p>\n","protected":false},"author":1,"featured_media":0,"parent":0,"menu_order":2,"comment_status":"closed","ping_status":"closed","template":"","meta":{"footnotes":""},"class_list":["post-79","page","type-page","status-publish","hentry"],"_links":{"self":[{"href":"https:\/\/danse-arabesque.net\/index.php\/wp-json\/wp\/v2\/pages\/79","targetHints":{"allow":["GET"]}}],"collection":[{"href":"https:\/\/danse-arabesque.net\/index.php\/wp-json\/wp\/v2\/pages"}],"about":[{"href":"https:\/\/danse-arabesque.net\/index.php\/wp-json\/wp\/v2\/types\/page"}],"author":[{"embeddable":true,"href":"https:\/\/danse-arabesque.net\/index.php\/wp-json\/wp\/v2\/users\/1"}],"replies":[{"embeddable":true,"href":"https:\/\/danse-arabesque.net\/index.php\/wp-json\/wp\/v2\/comments?post=79"}],"version-history":[{"count":11,"href":"https:\/\/danse-arabesque.net\/index.php\/wp-json\/wp\/v2\/pages\/79\/revisions"}],"predecessor-version":[{"id":340,"href":"https:\/\/danse-arabesque.net\/index.php\/wp-json\/wp\/v2\/pages\/79\/revisions\/340"}],"wp:attachment":[{"href":"https:\/\/danse-arabesque.net\/index.php\/wp-json\/wp\/v2\/media?parent=79"}],"curies":[{"name":"wp","href":"https:\/\/api.w.org\/{rel}","templated":true}]}}