{"id":63,"date":"2024-04-03T20:35:00","date_gmt":"2024-04-03T18:35:00","guid":{"rendered":"http:\/\/danse-arabesque.net\/?page_id=63"},"modified":"2024-05-08T09:29:36","modified_gmt":"2024-05-08T07:29:36","slug":"espace-adherents","status":"publish","type":"page","link":"https:\/\/danse-arabesque.net\/index.php\/espace-adherents\/","title":{"rendered":"Espace membres"},"content":{"rendered":"\n<p>L&rsquo;espace <strong>membres<\/strong> est r\u00e9serv\u00e9 aux adh\u00e9rent.es de l&rsquo;association. Les danseur.ses, ou leurs parents pour les plus jeunes, peuvent acc\u00e9der \u00e0 leur fiche personnelle, t\u00e9l\u00e9charger un justificatif de paiement (quand l&rsquo;ensemble des cours a \u00e9t\u00e9 r\u00e9gl\u00e9) et mettre \u00e0 jour les donn\u00e9es. <\/p>\n\n\n\n<div class=\"wp-block-buttons is-layout-flex wp-block-buttons-is-layout-flex\">\n<div class=\"wp-block-button\"><a class=\"wp-block-button__link wp-element-button\" href=\"https:\/\/www.danse-arabesque.net\/Membres\/login.php\">Acc\u00e8s adherents<\/a><\/div>\n<\/div>\n\n\n\n<p>L&rsquo;espace administration est r\u00e9serv\u00e9 aux membres du bureau de l&rsquo;association. Il permet d&rsquo;acc\u00e8der aux outils de gestion des \u00e9l\u00e8ves, des inscriptions ainsi qu&rsquo;\u00e0 la base des costumes<\/p>\n\n\n\n<div class=\"wp-block-buttons is-layout-flex wp-block-buttons-is-layout-flex\">\n<div class=\"wp-block-button\"><a class=\"wp-block-button__link wp-element-button\" href=\"https:\/\/danse-arabesque.net\/Bureau\/index.php\">Acc\u00e8s bureau<\/a><\/div>\n<\/div>\n","protected":false},"excerpt":{"rendered":"<p>L&rsquo;espace membres est r\u00e9serv\u00e9 aux adh\u00e9rent.es de l&rsquo;association. Les danseur.ses, ou leurs parents pour les plus jeunes, peuvent acc\u00e9der \u00e0 leur fiche personnelle, t\u00e9l\u00e9charger un justificatif de paiement (quand l&rsquo;ensemble des cours a \u00e9t\u00e9 r\u00e9gl\u00e9) et mettre \u00e0 jour les [&hellip;]<\/p>\n","protected":false},"author":1,"featured_media":0,"parent":0,"menu_order":5,"comment_status":"closed","ping_status":"closed","template":"","meta":{"footnotes":""},"class_list":["post-63","page","type-page","status-publish","hentry"],"_links":{"self":[{"href":"https:\/\/danse-arabesque.net\/index.php\/wp-json\/wp\/v2\/pages\/63","targetHints":{"allow":["GET"]}}],"collection":[{"href":"https:\/\/danse-arabesque.net\/index.php\/wp-json\/wp\/v2\/pages"}],"about":[{"href":"https:\/\/danse-arabesque.net\/index.php\/wp-json\/wp\/v2\/types\/page"}],"author":[{"embeddable":true,"href":"https:\/\/danse-arabesque.net\/index.php\/wp-json\/wp\/v2\/users\/1"}],"replies":[{"embeddable":true,"href":"https:\/\/danse-arabesque.net\/index.php\/wp-json\/wp\/v2\/comments?post=63"}],"version-history":[{"count":7,"href":"https:\/\/danse-arabesque.net\/index.php\/wp-json\/wp\/v2\/pages\/63\/revisions"}],"predecessor-version":[{"id":253,"href":"https:\/\/danse-arabesque.net\/index.php\/wp-json\/wp\/v2\/pages\/63\/revisions\/253"}],"wp:attachment":[{"href":"https:\/\/danse-arabesque.net\/index.php\/wp-json\/wp\/v2\/media?parent=63"}],"curies":[{"name":"wp","href":"https:\/\/api.w.org\/{rel}","templated":true}]}}