{"id":123,"date":"2024-04-05T19:37:54","date_gmt":"2024-04-05T17:37:54","guid":{"rendered":"https:\/\/danse-arabesque.net\/?page_id=123"},"modified":"2025-06-18T17:17:46","modified_gmt":"2025-06-18T15:17:46","slug":"inscriptions-2","status":"publish","type":"page","link":"https:\/\/danse-arabesque.net\/index.php\/inscriptions-2\/","title":{"rendered":"Inscriptions"},"content":{"rendered":"\n<div class=\"wp-block-group is-nowrap is-layout-flex wp-container-core-group-is-layout-ad2f72ca wp-block-group-is-layout-flex\">\n<h3 class=\"wp-block-heading\">El\u00e8ves d\u00e9j\u00e0 inscrit.es \u00e0 l&rsquo;\u00e9cole de danse<\/h3>\n<\/div>\n\n\n\n<p>Les inscriptions pour l&rsquo;ann\u00e9e 2025-2026 sont ouvertes. Vous pouvez effectuer toutes les <a href=\"https:\/\/www.danse-arabesque.net\/Inscriptions\/index.php\">d\u00e9marches en ligne<\/a>. Les cours qui vous sont propos\u00e9s pour l&rsquo;ann\u00e9e 2025-2026 sont indiqu\u00e9s dans votre fiche. Pour les \u00e9l\u00e8ves les plus avanc\u00e9es ainsi que pour les adultes, il est possible de choisir un second ou un troisi\u00e8me cours.<\/p>\n\n\n\n<p>Nous ouvrons cette ann\u00e9e un nouveau cours de Pointes ainsi qu&rsquo;un atelier Contemporain\/N\u00e9o-classique \u00e0 destination des \u00ab\u00a0pr\u00e9-ados\u00a0\u00bb le vendredi en d\u00e9but de soir\u00e9e.<\/p>\n\n\n\n<p><strong>La proc\u00e9dure d&rsquo;inscription a \u00e9volu\u00e9 <\/strong>: diff\u00e9rents cours vous sont propos\u00e9s dans votre espace Membre. Vous pouvez confirmer votre int\u00e9r\u00eat en vous y inscrivant via HelloAsso. Si vous n&rsquo;avez pas choisi une des propositions qui vous sont faites, vous ne serez pas inscrit.e dans le cours correspondant. Inversement, si un cours qui vous int\u00e9resse ne vous a pas \u00e9t\u00e9 propos\u00e9, vous pouvez vous y inscrire directement depuis HelloAsso, <strong>apr\u00e8s vous \u00eatre assur\u00e9 aupr\u00e8s de notre Directrice que ce cours est bien adapt\u00e9 \u00e0 votre niveau<\/strong>.<\/p>\n\n\n\n<p>N&rsquo;h\u00e9sitez pas \u00e0 nous <a href=\"mailto:info.dansearabesque@gmail.com\" data-type=\"mailto\" data-id=\"mailto:info.dansearabesque@gmail.com\">contacter <\/a>si vous avez des questions.<\/p>\n\n\n\n<div class=\"wp-block-buttons is-layout-flex wp-block-buttons-is-layout-flex\">\n<div class=\"wp-block-button\"><a class=\"wp-block-button__link wp-element-button\" href=\"https:\/\/www.danse-arabesque.net\/Inscriptions\/index.php\">RE-Inscription en ligne<\/a><\/div>\n<\/div>\n\n\n\n<p>&nbsp;<\/p>\n\n\n\n<h3 class=\"wp-block-heading\">Candidatures<\/h3>\n\n\n\n<p>Les pr\u00e9-inscriptions \u00e0 l&rsquo;\u00e9cole de danse pour la rentr\u00e9e 2025-2026 sont ouvertes. Vous pouvez nous transmettre les informations n\u00e9cessaires \u00e0 la gestion de votre candidature ou celle de votre enfant en remplissant le formulaire d&rsquo;enregistrement. Nous vous contacterons d\u00e8s r\u00e9ception pour vous indiquer la proc\u00e9dure \u00e0 suivre ainsi que les dates des cours d&rsquo;essai.<\/p>\n\n\n\n<div class=\"wp-block-buttons is-layout-flex wp-block-buttons-is-layout-flex\">\n<div class=\"wp-block-button\"><a class=\"wp-block-button__link wp-element-button\" href=\"https:\/\/www.danse-arabesque.net\/Candidatures\/candidature.php\">Enregistrer une candidature<\/a><\/div>\n<\/div>\n\n\n\n<p>Vous pouvez \u00e9galement nous envoyer un <a href=\"mailto:info.dansearabesque@gmail.com\"><strong>mail <\/strong><\/a>en indiquant :<\/p>\n\n\n\n<ul class=\"wp-block-list\">\n<li>Le nom et le pr\u00e9nom de la personne concern\u00e9e<\/li>\n\n\n\n<li>Sa date de naissance<\/li>\n\n\n\n<li>Un num\u00e9ro de t\u00e9l\u00e9phone sur lequel nous pouvons vous joindre<\/li>\n\n\n\n<li>Son niveau de danse et\/ou ses exp\u00e9riences ant\u00e9rieures dans des disciplines proches<\/li>\n<\/ul>\n\n\n\n<p><\/p>\n","protected":false},"excerpt":{"rendered":"<p>El\u00e8ves d\u00e9j\u00e0 inscrit.es \u00e0 l&rsquo;\u00e9cole de danse Les inscriptions pour l&rsquo;ann\u00e9e 2025-2026 sont ouvertes. Vous pouvez effectuer toutes les d\u00e9marches en ligne. Les cours qui vous sont propos\u00e9s pour l&rsquo;ann\u00e9e 2025-2026 sont indiqu\u00e9s dans votre fiche. Pour les \u00e9l\u00e8ves les [&hellip;]<\/p>\n","protected":false},"author":1,"featured_media":0,"parent":0,"menu_order":4,"comment_status":"closed","ping_status":"closed","template":"","meta":{"footnotes":""},"class_list":["post-123","page","type-page","status-publish","hentry"],"_links":{"self":[{"href":"https:\/\/danse-arabesque.net\/index.php\/wp-json\/wp\/v2\/pages\/123","targetHints":{"allow":["GET"]}}],"collection":[{"href":"https:\/\/danse-arabesque.net\/index.php\/wp-json\/wp\/v2\/pages"}],"about":[{"href":"https:\/\/danse-arabesque.net\/index.php\/wp-json\/wp\/v2\/types\/page"}],"author":[{"embeddable":true,"href":"https:\/\/danse-arabesque.net\/index.php\/wp-json\/wp\/v2\/users\/1"}],"replies":[{"embeddable":true,"href":"https:\/\/danse-arabesque.net\/index.php\/wp-json\/wp\/v2\/comments?post=123"}],"version-history":[{"count":20,"href":"https:\/\/danse-arabesque.net\/index.php\/wp-json\/wp\/v2\/pages\/123\/revisions"}],"predecessor-version":[{"id":344,"href":"https:\/\/danse-arabesque.net\/index.php\/wp-json\/wp\/v2\/pages\/123\/revisions\/344"}],"wp:attachment":[{"href":"https:\/\/danse-arabesque.net\/index.php\/wp-json\/wp\/v2\/media?parent=123"}],"curies":[{"name":"wp","href":"https:\/\/api.w.org\/{rel}","templated":true}]}}